{"id":125,"date":"2015-02-03T11:50:42","date_gmt":"2015-02-03T09:50:42","guid":{"rendered":"http:\/\/saave.fi?page_id=125"},"modified":"2025-09-23T14:46:53","modified_gmt":"2025-09-23T12:46:53","slug":"katsastustoiminta","status":"publish","type":"page","link":"https:\/\/www.saave.fi\/?page_id=125","title":{"rendered":"Katsastustoiminta"},"content":{"rendered":"<p><P><\/p>\n<p><a href=\"https:\/\/saave.fi\/wp-content\/uploads\/2015\/02\/SaaVe_peralippu.jpg\"><img loading=\"lazy\" decoding=\"async\" src=\"https:\/\/saave.fi\/wp-content\/uploads\/2015\/02\/SaaVe_peralippu.jpg\" alt=\"SaaVe_peralippu\" width=\"960\" height=\"720\" class=\"aligncenter size-full wp-image-251\" srcset=\"https:\/\/saave.fi\/wp-content\/uploads\/2015\/02\/SaaVe_peralippu.jpg 960w, https:\/\/saave.fi\/wp-content\/uploads\/2015\/02\/SaaVe_peralippu-300x225.jpg 300w\" sizes=\"auto, (max-width: 960px) 100vw, 960px\" \/><\/a><\/p>\n<p><strong>Katsastusp\u00e4\u00e4llik\u00f6n terveiset<\/strong><\/p>\n<p>Saaristomeren Veneilij\u00e4t ry on <a href=\"http:\/\/www.spv.fi\">Suomen Purjehdus ja Veneily ry:n<\/a> j\u00e4senj\u00e4rjest\u00f6. SPV:n j\u00e4seniksi liityimme vuonna 2010, jolloin k\u00e4ynnistyi my\u00f6s seuramme oma katsastustoiminta. Katsastuksen tarkoitus on yll\u00e4pit\u00e4\u00e4 ja edist\u00e4\u00e4 veneen turvallisuutta. Katsastuksessa k\u00e4yd\u00e4\u00e4n l\u00e4pi veneen tekniikkaa ja varustusta, jotka vaikuttavat veneen turvallisuuteen. On kuitenkin syyt\u00e4 muistaa, ett\u00e4 vastuu veneest\u00e4 ja siin\u00e4 olevien henkil\u00f6iden turvallisuudesta kuuluu veneen omistajalle tai haltijalle ja kulussa oltaessa kipparille.<\/p>\n<p>Veneen katsastus on vapaaehtoista, eik\u00e4 se liity veneen rekister\u00f6intiin.<\/p>\n<p>Veneiden katsastustoimintaa hallinnoi Suomen Purjehdus ja Veneily ry j\u00e4senseurojensa v\u00e4lityksell\u00e4 kouluttamalla seuroihin katsastusmiehi\u00e4.<\/p>\n<p><strong>Katsastusmenettely<\/strong><\/p>\n<p>Katsastusmenettely on jaettu perus- ja vuosikatsastukseen. Suomen Purjehdus ja Veneily ry:n nettisivuilta l\u00f6ytyy lis\u00e4tietoa eri <a href=\"http:\/\/www.spv.fi\/katsastusluokat\" target=\"_blank\" rel=\"noopener\">katsastusluokista<\/a>.<\/p>\n<p>Peruskatsastus suoritetaan viiden vuoden v\u00e4lein, ja se kohdistuu veneen rungon, voimansiirron, ohjauslaitteiden ja l\u00e4pivientien tarkastukseen. Vuosikatsastus suoritetaan vuosittain, ja se kohdistuu turvallisuusvarusteisiin ja -laitteisiin. Peruskatsastus uusitaan aina, jos veneen omistaja tai j\u00e4senseura muuttuu tai jos veneeseen tehd\u00e4\u00e4n merkitt\u00e4v\u00e4 muutos tai se on vaurioitunut.<\/p>\n<p>Veneiden katsastus tulee suorittaa kes\u00e4kuun loppuun menness\u00e4, jonka j\u00e4lkeen katsastetaan vain uusia veneit\u00e4 korotetuin maksuin. Vain seuraan katsastettu vene saa k\u00e4ytt\u00e4\u00e4 kyseisen seuran omaa per\u00e4lippua, muissa tapauksissa tulee k\u00e4ytt\u00e4\u00e4 perinteist\u00e4 Suomen lippua.  <\/p>\n<p><strong>Katsastusmaksut<\/strong><\/p>\n<p>Jokaisesta katsastetusta veneest\u00e4 perit\u00e4\u00e4n venemaksu, joka pit\u00e4\u00e4 sis\u00e4ll\u00e4\u00e4n Suomen Purjehdus ja Veneily ry:n liittomaksun sek\u00e4 seuran perim\u00e4n katsastusmaksun yht. 40\u20ac (v. 2025).<br \/>\nLiittomaksun joutuu jokainen maksamaan siihen seuraan, johon vene on katsastettu, koska omistajan on oltava liiton rekisteriss\u00e4 veneen tietojen tallentamiseksi liiton venerekisteriin.<\/p>\n<p><strong>Katsastuksen edut<\/strong><\/p>\n<p>Koulutetut katsastusmiehet ovat veneasiantuntijoita, joilta tarkastusty\u00f6n ohessa saa tarvittaessa veneturvallisuutta koskevia neuvoja ja ohjeita. Lis\u00e4ksi useimmat vakuutusyhti\u00f6t my\u00f6nt\u00e4v\u00e4t katsastetulle veneelle vakuutusmaksualennuksia.<\/p>\n<p>Lis\u00e4tietoa katsastuksesta saat my\u00f6s seuramme katsastusp\u00e4\u00e4llik\u00f6lt\u00e4, jonka kanssa sovitaan katsastukset ja niiden ajankohdat. <\/p>\n<p><strong>Katsastusp\u00e4\u00e4llikk\u00f6 Seppo Kovalainen (040 528 0208, s\u00e4hk\u00f6posti: kovalainen at saave.fi)<\/strong> <\/p>\n<p><\/P> <\/p>\n","protected":false},"excerpt":{"rendered":"<p>Katsastusp\u00e4\u00e4llik\u00f6n terveiset Saaristomeren Veneilij\u00e4t ry on Suomen Purjehdus ja Veneily ry:n j\u00e4senj\u00e4rjest\u00f6. SPV:n j\u00e4seniksi liityimme vuonna 2010, jolloin k\u00e4ynnistyi my\u00f6s seuramme oma katsastustoiminta. Katsastuksen tarkoitus on yll\u00e4pit\u00e4\u00e4 ja edist\u00e4\u00e4 veneen turvallisuutta. Katsastuksessa k\u00e4yd\u00e4\u00e4n l\u00e4pi veneen tekniikkaa ja varustusta, jotka vaikuttavat veneen turvallisuuteen. On kuitenkin syyt\u00e4 muistaa, ett\u00e4 vastuu veneest\u00e4 ja siin\u00e4 olevien henkil\u00f6iden turvallisuudesta kuuluu<\/p>\n","protected":false},"author":1,"featured_media":0,"parent":0,"menu_order":0,"comment_status":"closed","ping_status":"closed","template":"","meta":{"footnotes":""},"class_list":["post-125","page","type-page","status-publish","hentry"],"_links":{"self":[{"href":"https:\/\/www.saave.fi\/index.php?rest_route=\/wp\/v2\/pages\/125","targetHints":{"allow":["GET"]}}],"collection":[{"href":"https:\/\/www.saave.fi\/index.php?rest_route=\/wp\/v2\/pages"}],"about":[{"href":"https:\/\/www.saave.fi\/index.php?rest_route=\/wp\/v2\/types\/page"}],"author":[{"embeddable":true,"href":"https:\/\/www.saave.fi\/index.php?rest_route=\/wp\/v2\/users\/1"}],"replies":[{"embeddable":true,"href":"https:\/\/www.saave.fi\/index.php?rest_route=%2Fwp%2Fv2%2Fcomments&post=125"}],"version-history":[{"count":14,"href":"https:\/\/www.saave.fi\/index.php?rest_route=\/wp\/v2\/pages\/125\/revisions"}],"predecessor-version":[{"id":588,"href":"https:\/\/www.saave.fi\/index.php?rest_route=\/wp\/v2\/pages\/125\/revisions\/588"}],"wp:attachment":[{"href":"https:\/\/www.saave.fi\/index.php?rest_route=%2Fwp%2Fv2%2Fmedia&parent=125"}],"curies":[{"name":"wp","href":"https:\/\/api.w.org\/{rel}","templated":true}]}}