{"id":128,"date":"2025-05-14T12:35:37","date_gmt":"2025-05-14T10:35:37","guid":{"rendered":"http:\/\/saave.fi?page_id=128"},"modified":"2025-05-14T17:03:28","modified_gmt":"2025-05-14T15:03:28","slug":"toimintakalenteri","status":"publish","type":"page","link":"https:\/\/www.saave.fi\/?page_id=128","title":{"rendered":"Toimintakalenteri 2025"},"content":{"rendered":"<p><BR><\/p>\n<p><P><\/p>\n<ul>\n<p><strong><U>Helmikuu:<\/U><\/strong> Venemessumatka 2025<\/p>\n<p><strong><U>Maaliskuu:<\/U><\/strong> Vuosikokous 20.03.2025<\/p>\n<p><strong><U>Toukokuu:<\/U><\/strong> Kev\u00e4ttalkoot Aaslassa 17.05.2025<\/p>\n<p><strong><U>Kes\u00e4kuu:<\/U><\/strong><\/p>\n<p><a href=\"http:\/\/saave.fi\/wp-content\/uploads\/2015\/02\/IMG_0396.jpg\"><img loading=\"lazy\" decoding=\"async\" src=\"http:\/\/saave.fi\/wp-content\/uploads\/2015\/02\/IMG_0396-1024x768.jpg\" alt=\"IMG_0396\" width=\"1024\" height=\"768\" class=\"aligncenter size-large wp-image-196\" srcset=\"https:\/\/saave.fi\/wp-content\/uploads\/2015\/02\/IMG_0396-1024x768.jpg 1024w, https:\/\/saave.fi\/wp-content\/uploads\/2015\/02\/IMG_0396-300x225.jpg 300w, https:\/\/saave.fi\/wp-content\/uploads\/2015\/02\/IMG_0396.jpg 2000w\" sizes=\"auto, (max-width: 1024px) 100vw, 1024px\" \/><\/a><\/p>\n<li><strong>la 07.06.2025 Kes\u00e4kauden avajaiset<\/strong><\/li>\n<p><BR><\/p>\n<p><a href=\"http:\/\/saave.fi\/wp-content\/uploads\/2015\/02\/siniristilippu.jpg\"><img loading=\"lazy\" decoding=\"async\" src=\"http:\/\/saave.fi\/wp-content\/uploads\/2015\/02\/siniristilippu.jpg\" alt=\"siniristilippu\" width=\"900\" height=\"587\" class=\"aligncenter size-full wp-image-205\" srcset=\"https:\/\/saave.fi\/wp-content\/uploads\/2015\/02\/siniristilippu.jpg 900w, https:\/\/saave.fi\/wp-content\/uploads\/2015\/02\/siniristilippu-300x196.jpg 300w\" sizes=\"auto, (max-width: 900px) 100vw, 900px\" \/><\/a><\/p>\n<p><a href=\"http:\/\/saave.fi\/wp-content\/uploads\/2015\/02\/DSC_4173.jpg\"><img loading=\"lazy\" decoding=\"async\" src=\"http:\/\/saave.fi\/wp-content\/uploads\/2015\/02\/DSC_4173-1024x681.jpg\" alt=\"DSC_4173\" width=\"1024\" height=\"681\" class=\"aligncenter size-large wp-image-271\" srcset=\"https:\/\/saave.fi\/wp-content\/uploads\/2015\/02\/DSC_4173-1024x681.jpg 1024w, https:\/\/saave.fi\/wp-content\/uploads\/2015\/02\/DSC_4173-300x199.jpg 300w\" sizes=\"auto, (max-width: 1024px) 100vw, 1024px\" \/><\/a><\/p>\n<li><strong>pe 22.06.2025 Aaslan juhannus<\/strong><\/li>\n<p><BR><\/p>\n<p><strong><U>Elokuu:<\/U><\/strong><\/p>\n<p><a href=\"http:\/\/saave.fi\/wp-content\/uploads\/2015\/02\/DSC_3072.jpg\"><img loading=\"lazy\" decoding=\"async\" src=\"http:\/\/saave.fi\/wp-content\/uploads\/2015\/02\/DSC_3072-1024x681.jpg\" alt=\"\" width=\"1024\" height=\"681\" class=\"aligncenter size-large wp-image-201\" srcset=\"https:\/\/saave.fi\/wp-content\/uploads\/2015\/02\/DSC_3072-1024x681.jpg 1024w, https:\/\/saave.fi\/wp-content\/uploads\/2015\/02\/DSC_3072-300x199.jpg 300w\" sizes=\"auto, (max-width: 1024px) 100vw, 1024px\" \/><\/a><\/p>\n<li><strong>la 30.08.2025 Muinaistulien y\u00f6<\/strong><\/li>\n<p><BR><\/p>\n<p><strong><U>Syyskuu:<\/U><\/strong><\/p>\n<p><a href=\"http:\/\/saave.fi\/wp-content\/uploads\/2015\/02\/aaslacup.jpg\"><img loading=\"lazy\" decoding=\"async\" src=\"http:\/\/saave.fi\/wp-content\/uploads\/2015\/02\/aaslacup-768x1024.jpg\" alt=\"aaslacup\" width=\"768\" height=\"1024\" class=\"aligncenter size-large wp-image-202\" srcset=\"https:\/\/saave.fi\/wp-content\/uploads\/2015\/02\/aaslacup-768x1024.jpg 768w, https:\/\/saave.fi\/wp-content\/uploads\/2015\/02\/aaslacup-225x300.jpg 225w, https:\/\/saave.fi\/wp-content\/uploads\/2015\/02\/aaslacup.jpg 960w\" sizes=\"auto, (max-width: 768px) 100vw, 768px\" \/><\/a><\/p>\n<li><strong>la 06.09.2024 Seuran Aasla Cup (purjehduskisa).<\/strong><\/li>\n<li><strong>la 13.09.2025 Syystalkoot Aaslassa.<\/strong><\/li>\n<p><BR><br \/>\n<strong><U>Marras-joulukuu<\/U><\/strong><\/p>\n<li><strong>Pikkujoulut (aika ja paikka ilmoitetaan my\u00f6hemmin) <\/strong><\/li>\n<\/ul>\n<p><\/P><\/p>\n","protected":false},"excerpt":{"rendered":"<p>Helmikuu: Venemessumatka 2025 Maaliskuu: Vuosikokous 20.03.2025 Toukokuu: Kev\u00e4ttalkoot Aaslassa 17.05.2025 Kes\u00e4kuu: la 07.06.2025 Kes\u00e4kauden avajaiset pe 22.06.2025 Aaslan juhannus Elokuu: la 30.08.2025 Muinaistulien y\u00f6 Syyskuu: la 06.09.2024 Seuran Aasla Cup (purjehduskisa). la 13.09.2025 Syystalkoot Aaslassa. Marras-joulukuu Pikkujoulut (aika ja paikka ilmoitetaan my\u00f6hemmin)<\/p>\n","protected":false},"author":1,"featured_media":0,"parent":0,"menu_order":0,"comment_status":"closed","ping_status":"closed","template":"","meta":{"footnotes":""},"class_list":["post-128","page","type-page","status-publish","hentry"],"_links":{"self":[{"href":"https:\/\/www.saave.fi\/index.php?rest_route=\/wp\/v2\/pages\/128","targetHints":{"allow":["GET"]}}],"collection":[{"href":"https:\/\/www.saave.fi\/index.php?rest_route=\/wp\/v2\/pages"}],"about":[{"href":"https:\/\/www.saave.fi\/index.php?rest_route=\/wp\/v2\/types\/page"}],"author":[{"embeddable":true,"href":"https:\/\/www.saave.fi\/index.php?rest_route=\/wp\/v2\/users\/1"}],"replies":[{"embeddable":true,"href":"https:\/\/www.saave.fi\/index.php?rest_route=%2Fwp%2Fv2%2Fcomments&post=128"}],"version-history":[{"count":47,"href":"https:\/\/www.saave.fi\/index.php?rest_route=\/wp\/v2\/pages\/128\/revisions"}],"predecessor-version":[{"id":580,"href":"https:\/\/www.saave.fi\/index.php?rest_route=\/wp\/v2\/pages\/128\/revisions\/580"}],"wp:attachment":[{"href":"https:\/\/www.saave.fi\/index.php?rest_route=%2Fwp%2Fv2%2Fmedia&parent=128"}],"curies":[{"name":"wp","href":"https:\/\/api.w.org\/{rel}","templated":true}]}}