{"id":410,"date":"2018-04-03T07:50:35","date_gmt":"2018-04-03T05:50:35","guid":{"rendered":"http:\/\/www.saave.fi\/?page_id=410"},"modified":"2023-02-18T20:09:41","modified_gmt":"2023-02-18T18:09:41","slug":"seura","status":"publish","type":"page","link":"https:\/\/www.saave.fi\/","title":{"rendered":"Seura"},"content":{"rendered":"<p>Saaristomeren Veneilij\u00e4t ry (aiemmin Pansion Venekerho) on perustettu v. 1989 edist\u00e4m\u00e4\u00e4n j\u00e4sentens\u00e4 purjehdukseen ja veneilyyn liittyv\u00e4\u00e4 harrastustoimintaa. SaaVe on koko perheen yhdistys, jossa lapset, nuoret ja aikuiset toimivat yhdess\u00e4.<\/p>\n<p>Toimintamme perustuu vahvasti perinteiseen talkoohenkeen. Sen voimalla pid\u00e4mme kunnossa tukikohtaamme Rym\u00e4ttyl\u00e4n (Naantali) Aaslarannassa, j\u00e4rjest\u00e4mme teemailtoja ja yhteist\u00e4 tekemist\u00e4.<\/p>\n<p>Haluamme olla niin sanotun matalan kynnyksen veneseura, helppo tulla ja viihty\u00e4, my\u00f6s maksumme ovat hyvin kohtuulliset.<\/p>\n<p>Yhdistys noudattaa edelleen perustamisen alussa olleita merellisi\u00e4 arvoja sek\u00e4 kantaa my\u00f6s huolta ymp\u00e4rist\u00f6mme ainutlaatuisuudesta, puhtaudesta ja viihtyvyydest\u00e4.<\/p>\n<p>Seuramme ottaa uusia j\u00e4seni\u00e4, mik\u00e4li kiinnostaa ole rohkeasti yhteydess\u00e4 johtokuntaan<\/p>\n<p>Saaristomeren Veneilij\u00e4t on Suomen Purjehdus ja Veneily ry:n j\u00e4senseura.<\/p>\n","protected":false},"excerpt":{"rendered":"<p>Saaristomeren Veneilij\u00e4t ry (aiemmin Pansion Venekerho) on perustettu v. 1989 edist\u00e4m\u00e4\u00e4n j\u00e4sentens\u00e4 purjehdukseen ja veneilyyn liittyv\u00e4\u00e4 harrastustoimintaa. SaaVe on koko perheen yhdistys, jossa lapset, nuoret ja aikuiset toimivat yhdess\u00e4. Toimintamme perustuu vahvasti perinteiseen talkoohenkeen. Sen voimalla pid\u00e4mme kunnossa tukikohtaamme Rym\u00e4ttyl\u00e4n (Naantali) Aaslarannassa, j\u00e4rjest\u00e4mme teemailtoja ja yhteist\u00e4 tekemist\u00e4. Haluamme olla niin sanotun matalan kynnyksen veneseura, helppo<\/p>\n","protected":false},"author":1,"featured_media":0,"parent":0,"menu_order":0,"comment_status":"closed","ping_status":"closed","template":"","meta":{"footnotes":""},"class_list":["post-410","page","type-page","status-publish","hentry"],"_links":{"self":[{"href":"https:\/\/www.saave.fi\/index.php?rest_route=\/wp\/v2\/pages\/410","targetHints":{"allow":["GET"]}}],"collection":[{"href":"https:\/\/www.saave.fi\/index.php?rest_route=\/wp\/v2\/pages"}],"about":[{"href":"https:\/\/www.saave.fi\/index.php?rest_route=\/wp\/v2\/types\/page"}],"author":[{"embeddable":true,"href":"https:\/\/www.saave.fi\/index.php?rest_route=\/wp\/v2\/users\/1"}],"replies":[{"embeddable":true,"href":"https:\/\/www.saave.fi\/index.php?rest_route=%2Fwp%2Fv2%2Fcomments&post=410"}],"version-history":[{"count":4,"href":"https:\/\/www.saave.fi\/index.php?rest_route=\/wp\/v2\/pages\/410\/revisions"}],"predecessor-version":[{"id":536,"href":"https:\/\/www.saave.fi\/index.php?rest_route=\/wp\/v2\/pages\/410\/revisions\/536"}],"wp:attachment":[{"href":"https:\/\/www.saave.fi\/index.php?rest_route=%2Fwp%2Fv2%2Fmedia&parent=410"}],"curies":[{"name":"wp","href":"https:\/\/api.w.org\/{rel}","templated":true}]}}