{"id":88,"date":"2015-02-02T20:10:00","date_gmt":"2015-02-02T18:10:00","guid":{"rendered":"http:\/\/saave.fi?page_id=88"},"modified":"2025-05-14T16:56:18","modified_gmt":"2025-05-14T14:56:18","slug":"johtokunta","status":"publish","type":"page","link":"https:\/\/www.saave.fi\/?page_id=88","title":{"rendered":"Johtokunta"},"content":{"rendered":"<p><P><br \/>\nSaaristomeren Veneilij\u00f6iden vuosikokous valitsee vuosittain keskuudestaan j\u00e4senet johtokuntaan. Johtokunnan teht\u00e4v\u00e4n\u00e4 on toteuttaa vuosikokouksen hyv\u00e4ksym\u00e4\u00e4 toiminta- ja taloussuunnitelmaa. Johtokunnan tulee hoitaa yhdistyksen asioita huolellisesti lain ja s\u00e4\u00e4nt\u00f6jen sek\u00e4 yhdistyksen p\u00e4\u00e4t\u00f6sten mukaan.<br \/>\n<\/P><br \/>\n<strong>JOHTOKUNTA 2025<\/strong><\/p>\n<p><P> <\/p>\n<ul>\n<li>puheenjohtaja Turja Lehtonen (0400 535 616, turja at saave.fi)<\/li>\n<li>varapuheenjohtaja Anssi Lehto (040 505 8860, anssi.lehto at gmail.com)<\/li>\n<li>sihteeri Jukka L\u00e4\u00e4r\u00e4 (0400 463 790, jukka.laara at liiku.fi)<\/li>\n<li>talous Saku Lehti\u00f6 (045 263 6773, saku.lehtio at gmail.com)<\/li>\n<li>katsastusp\u00e4\u00e4llikk\u00f6 Seppo Kovalainen (040 528 0208, noko at noko.fi)<\/li>\n<li>varaj\u00e4sen Pekka Rihko (0400 764 498, petari49 at hotmail.com)<\/li>\n<\/ul>\n<p>Johtokunnalle voi l\u00e4hett\u00e4\u00e4 s\u00e4hk\u00f6postia osoitteeseen <em>johtokunta at saave.fi<\/em>.<\/p>\n<p><\/P><\/p>\n","protected":false},"excerpt":{"rendered":"<p>Saaristomeren Veneilij\u00f6iden vuosikokous valitsee vuosittain keskuudestaan j\u00e4senet johtokuntaan. Johtokunnan teht\u00e4v\u00e4n\u00e4 on toteuttaa vuosikokouksen hyv\u00e4ksym\u00e4\u00e4 toiminta- ja taloussuunnitelmaa. Johtokunnan tulee hoitaa yhdistyksen asioita huolellisesti lain ja s\u00e4\u00e4nt\u00f6jen sek\u00e4 yhdistyksen p\u00e4\u00e4t\u00f6sten mukaan. JOHTOKUNTA 2025 puheenjohtaja Turja Lehtonen (0400 535 616, turja at saave.fi) varapuheenjohtaja Anssi Lehto (040 505 8860, anssi.lehto at gmail.com) sihteeri Jukka L\u00e4\u00e4r\u00e4 (0400 463<\/p>\n","protected":false},"author":1,"featured_media":0,"parent":0,"menu_order":0,"comment_status":"closed","ping_status":"closed","template":"","meta":{"footnotes":""},"class_list":["post-88","page","type-page","status-publish","hentry"],"_links":{"self":[{"href":"https:\/\/www.saave.fi\/index.php?rest_route=\/wp\/v2\/pages\/88","targetHints":{"allow":["GET"]}}],"collection":[{"href":"https:\/\/www.saave.fi\/index.php?rest_route=\/wp\/v2\/pages"}],"about":[{"href":"https:\/\/www.saave.fi\/index.php?rest_route=\/wp\/v2\/types\/page"}],"author":[{"embeddable":true,"href":"https:\/\/www.saave.fi\/index.php?rest_route=\/wp\/v2\/users\/1"}],"replies":[{"embeddable":true,"href":"https:\/\/www.saave.fi\/index.php?rest_route=%2Fwp%2Fv2%2Fcomments&post=88"}],"version-history":[{"count":28,"href":"https:\/\/www.saave.fi\/index.php?rest_route=\/wp\/v2\/pages\/88\/revisions"}],"predecessor-version":[{"id":584,"href":"https:\/\/www.saave.fi\/index.php?rest_route=\/wp\/v2\/pages\/88\/revisions\/584"}],"wp:attachment":[{"href":"https:\/\/www.saave.fi\/index.php?rest_route=%2Fwp%2Fv2%2Fmedia&parent=88"}],"curies":[{"name":"wp","href":"https:\/\/api.w.org\/{rel}","templated":true}]}}