{"id":90,"date":"2015-02-02T20:10:56","date_gmt":"2015-02-02T18:10:56","guid":{"rendered":"http:\/\/saave.fi?page_id=90"},"modified":"2026-03-10T13:06:42","modified_gmt":"2026-03-10T11:06:42","slug":"kerhosatama","status":"publish","type":"page","link":"https:\/\/www.saave.fi\/?page_id=90","title":{"rendered":"Kerhosatama"},"content":{"rendered":"<p><strong>Saaritukikohta Aasla<\/strong><\/p>\n<p>Saaristomeren Veneilij\u00e4t ry:n kerhosatama sijaitsee nykyisen Naantalin kaupungin alueella Rym\u00e4ttyl\u00e4ss\u00e4, Aaslaluodon saaressa (60\u00b0 18,86&#8242; P 21\u00b0 56,16&#8242; I). Alue on suuruudeltaan n. 2 ha, jota ymp\u00e4r\u00f6iv\u00e4t marjoja ja sieni\u00e4 t\u00e4ynn\u00e4 olevat mets\u00e4t.<\/p>\n<div id=\"wpgmza_map\" data-settings='{\"id\":\"1\",\"map_title\":\"Aasla\",\"map_width\":\"100\",\"map_height\":\"400\",\"map_start_lat\":\"60.312334\",\"map_start_lng\":\"22.029457\",\"map_start_location\":\"60.31233416031742,22.02945698692929\",\"map_start_zoom\":\"11\",\"default_marker\":\"0\",\"type\":\"1\",\"alignment\":\"2\",\"directions_enabled\":\"1\",\"styling_enabled\":\"0\",\"styling_json\":\"\",\"active\":\"0\",\"kml\":\"\",\"bicycle\":\"2\",\"traffic\":\"2\",\"dbox\":\"1\",\"dbox_width\":\"250\",\"listmarkers\":\"0\",\"listmarkers_advanced\":\"0\",\"filterbycat\":\"0\",\"ugm_enabled\":\"0\",\"ugm_category_enabled\":\"0\",\"fusion\":\"\",\"map_width_type\":\"\\\\%\",\"map_height_type\":\"px\",\"mass_marker_support\":\"1\",\"ugm_access\":\"0\",\"order_markers_by\":\"1\",\"order_markers_choice\":\"2\",\"show_user_location\":\"0\",\"default_to\":\"\",\"other_settings\":{\"store_locator_enabled\":2,\"store_locator_distance\":2,\"store_locator_bounce\":1,\"store_locator_query_string\":\"ZIP \\\/ Address:\",\"weather_layer\":2,\"weather_layer_temp_type\":1,\"cloud_layer\":2,\"transport_layer\":2}}' data-shortcode-attributes='{\"id\":\"1\"}' style=\"display:block; overflow:auto; width:100%; height:400px; margin-left:auto !important; margin-right:auto; !important; align:center;\"><\/div>\n<p>Aaslassa on yksi iso ja toinen pienempi laituri, johon voi kiinnitty\u00e4 ja isommalla laiturilla on s\u00e4hk\u00f6t, vesipisteet sek\u00e4 valaistus. Pienempi laituri on tarkoitettu l\u00e4hinn\u00e4 soutu- ja pulpettiveneiden k\u00e4ytt\u00f6\u00f6n. Pikkulaiturin vieress\u00e4 on lapsia varten pieni uimaranta, mutta voi siit\u00e4 aikuisetkin k\u00e4yd\u00e4 kastautumassa. Ison laiturin l\u00e4nsip\u00e4\u00e4ss\u00e4 on muutamia erikseen kausipaikaksi varattuja ja merkittyj\u00e4 laituripaikkoja ja n\u00e4ihin kiinnittyminen on sallittua vain kausipaikkalaisen luvalla.<\/p>\n<p><a href=\"http:\/\/saave.fi\/wp-content\/uploads\/2015\/02\/IMG_3011.jpg\"><img loading=\"lazy\" decoding=\"async\" class=\"aligncenter size-large wp-image-175\" src=\"http:\/\/saave.fi\/wp-content\/uploads\/2015\/02\/IMG_3011-1024x643.jpg\" alt=\"IMG_3011\" width=\"1024\" height=\"643\" srcset=\"https:\/\/saave.fi\/wp-content\/uploads\/2015\/02\/IMG_3011-1024x643.jpg 1024w, https:\/\/saave.fi\/wp-content\/uploads\/2015\/02\/IMG_3011-300x188.jpg 300w\" sizes=\"auto, (max-width: 1024px) 100vw, 1024px\" \/><\/a><\/p>\n<p>Kauempana rannasta on vuonna 2004 rakennettu saunarakennus, jossa my\u00f6s pieni tupa ja edess\u00e4 iso terassi. Alueella on my\u00f6s grillikatos ja vieress\u00e4 avautuu iso nurmikentt\u00e4, jossa voi kauniina kes\u00e4p\u00e4iv\u00e4n\u00e4 harrastaa melkeinp\u00e4 mit\u00e4 vaan. Samaiselle nurmialueelle voi saapua asuntoautolla ja alueella on my\u00f6s muutamia asuntovaunujen kausipaikkoja. Lapsille on keinut, hiekkalaatikko sek\u00e4 trampoliini, jonka suosio on ylitt\u00e4nyt kaikki ennakko-odotukset. Alueella on my\u00f6s kolme puuceet\u00e4. Saaritukikohta on vuosien saatossa talkoovoimin rakennettu ja sit\u00e4 pidet\u00e4\u00e4n edelleen kunnossa kev\u00e4isin ja syksyisin j\u00e4rjestett\u00e4vill\u00e4 talkoilla sek\u00e4 luonnollisesti kes\u00e4ll\u00e4 nurmikentt\u00e4\u00e4 hoidetaan s\u00e4\u00e4nn\u00f6llisesti seuralaisten toimesta.<\/p>\n<p><a href=\"http:\/\/saave.fi\/wp-content\/uploads\/2015\/02\/IMG_3100.jpg\"><img loading=\"lazy\" decoding=\"async\" class=\"aligncenter size-large wp-image-179\" src=\"http:\/\/saave.fi\/wp-content\/uploads\/2015\/02\/IMG_3100-1024x643.jpg\" alt=\"IMG_3100\" width=\"1024\" height=\"643\" srcset=\"https:\/\/saave.fi\/wp-content\/uploads\/2015\/02\/IMG_3100-1024x643.jpg 1024w, https:\/\/saave.fi\/wp-content\/uploads\/2015\/02\/IMG_3100-300x188.jpg 300w\" sizes=\"auto, (max-width: 1024px) 100vw, 1024px\" \/><\/a><\/p>\n<p><a href=\"http:\/\/saave.fi\/wp-content\/uploads\/2015\/02\/DSC00547.jpg\"><img loading=\"lazy\" decoding=\"async\" class=\"aligncenter size-large wp-image-177\" src=\"http:\/\/saave.fi\/wp-content\/uploads\/2015\/02\/DSC00547-1024x679.jpg\" alt=\"DSC00547\" width=\"1024\" height=\"679\" srcset=\"https:\/\/saave.fi\/wp-content\/uploads\/2015\/02\/DSC00547-1024x679.jpg 1024w, https:\/\/saave.fi\/wp-content\/uploads\/2015\/02\/DSC00547-300x199.jpg 300w\" sizes=\"auto, (max-width: 1024px) 100vw, 1024px\" \/><\/a><\/p>\n<p><a href=\"http:\/\/saave.fi\/wp-content\/uploads\/2015\/02\/IMG_3030.jpg\"><img loading=\"lazy\" decoding=\"async\" class=\"aligncenter size-large wp-image-178\" src=\"http:\/\/saave.fi\/wp-content\/uploads\/2015\/02\/IMG_3030-1024x639.jpg\" alt=\"IMG_3030\" width=\"1024\" height=\"639\" srcset=\"https:\/\/saave.fi\/wp-content\/uploads\/2015\/02\/IMG_3030-1024x639.jpg 1024w, https:\/\/saave.fi\/wp-content\/uploads\/2015\/02\/IMG_3030-300x187.jpg 300w\" sizes=\"auto, (max-width: 1024px) 100vw, 1024px\" \/><\/a><\/p>\n<p><strong>AASLARANNAN S\u00c4\u00c4NN\u00d6T 2025<\/strong><\/p>\n<ul>\n<li style=\"list-style-type: none;\">\n<ul>1. Aaslaranta on Saaristomeren Veneilij\u00e4t ry:n vuokraama alue Naantalin<\/ul>\n<\/li>\n<\/ul>\n<p>&nbsp;<\/p>\n<ul>\n<li style=\"list-style-type: none;\">\n<ul>kaupungissa.<\/ul>\n<\/li>\n<\/ul>\n<p>2. Alueella on s\u00e4hk\u00f6 ja vesi, kaksi laituria, grillikatos, sauna, ty\u00f6kaluvaja,<br \/>\npienmoottorien s\u00e4ilytystila, puuvaja ja kolme k\u00e4ym\u00e4l\u00e4\u00e4.<\/p>\n<p>3. Alue toimii Saaristomeren Veneilij\u00f6iden j\u00e4senten viihtyis\u00e4n\u00e4 vapaa-ajan paikkana.<\/p>\n<p>4. J\u00e4senten tulee kaikissa toimissaan ottaa huomioon alueen luonnon ja rakennusten<br \/>\ns\u00e4ilytt\u00e4minen.<\/p>\n<p>5. Alueen kuntoa ja k\u00e4ytt\u00f6\u00e4 valvoo johtokunta nime\u00e4m\u00e4ns\u00e4 is\u00e4nn\u00e4n kanssa.<\/p>\n<p>6. Alueella tulee k\u00e4ytt\u00e4yty\u00e4 rehdin seuratoveruuden ja hyvien tapojen edellytt\u00e4m\u00e4ll\u00e4<br \/>\ntavalla.<br \/>\n7. Alueella on kymmenen (10) asuntovaunujen kausipaikkaa ja kuusi (8) venepaikkaa<br \/>\nisossa laiturissa, joiden my\u00f6nt\u00e4misest\u00e4 p\u00e4\u00e4tt\u00e4\u00e4 johtokunta hakemusten perusteella.<br \/>\nPaikat t\u00e4ytet\u00e4\u00e4n vapautumisj\u00e4rjestyksess\u00e4.<\/p>\n<p>8. Veneiden tilapaiseen s\u00e4ilytykseen laiturissa tulee pyyt\u00e4\u00e4 lupa johtokunnalta<br \/>\njohtokunta@saave.fi, hinta on 100\u20ac\/kk ja 20\u20ac\/vko<\/p>\n<p><strong>Aaslarannan k\u00e4ytt\u00f6maksut 2024<\/strong><\/p>\n<p>Venepaikka, iso laituri (max. 6) 350 \u20ac \/ kausi, sis\u00e4lt\u00e4\u00e4, paikan ja s\u00e4hk\u00f6maksut<\/p>\n<p>Pulpettivene 90 \u20ac \/ kausi, sis\u00e4lt\u00e4\u00e4 paikan ei s\u00e4hk\u00f6\u00e4<\/p>\n<p>Asuntovaunupaikka (max. 10) 325 \u20ac \/ kausi, sis\u00e4lt\u00e4\u00e4, paikan ja s\u00e4hk\u00f6maksut<\/p>\n<p>Pienveneen laituripaikka 30 \u20ac \/ kausi, jokaisen tulee merkit\u00e4 veneens\u00e4<\/p>\n<p>Koko kes\u00e4n s\u00e4hk\u00f6maksu 45 \u20ac \/ kausi<\/p>\n<p>S\u00e4hk\u00f6nk\u00e4ytt\u00f6maksu 5 \u20ac \/ vrk satunnainen k\u00e4ynti<\/p>\n<p>J\u00e4senen vieras omalla veneell\u00e4\u00e4n tai asuntoautollaan tai -vaunullaan:<br \/>\nK\u00e4yntimaksu 15 \u20ac \/ vrk, sis. sauna- ja s\u00e4hk\u00f6maksut<\/p>\n<p>Satunnaiset s\u00e4hk\u00f6maksut ja vierasmaksut maksetaan lippaaseen, muut maksut kuten,<br \/>\nviirit (15\u20ac) maksetaan kerhon tilille TOP FI84 5713 7640 0274 49.<\/p>\n<p><strong>Erityisesti huomattava:<\/strong><\/p>\n<p>\uf0d8 jokainen k\u00e4ynti merkit\u00e4\u00e4n vieraskirjaan (grillikatoksessa)<\/p>\n<p>\uf0d8 saunan varaus saunakirjaan (grillikatoksessa)<\/p>\n<p>\uf0d8 j\u00e4senten veneiss\u00e4 ja asuntoautoissa\/-vaunuissa y\u00f6pyv\u00e4t vieraat kirjataan vain<br \/>\nhenkil\u00f6m\u00e4\u00e4r\u00e4n osalta is\u00e4nn\u00e4n tietojen per\u00e4\u00e4n samalle riville<\/p>\n<p>\uf0d8 saunan k\u00e4ytt\u00f6 sallittu vain avaimen lunastaneille j\u00e4senille ja heid\u00e4n vierailleen, jotka<br \/>\nmy\u00f6s vastaavat siit\u00e4, ett\u00e4 sauna j\u00e4\u00e4 siistiin kuntoon<\/p>\n<p>\uf0d8 avotulen teko alueella on kielletty<\/p>\n<p>\uf0d8 jokainen j\u00e4sen vastaa omista perheenj\u00e4senist\u00e4\u00e4n, vieraistaan ja kotiel\u00e4imist\u00e4\u00e4n<\/p>\n<p>\uf0d8 seuran j\u00e4rjest\u00e4miss\u00e4 tilaisuuksissa lemmikkiel\u00e4imet tulee pit\u00e4\u00e4 kytkettyin\u00e4, ellei<br \/>\nerikseen ole muuta sovittu<\/p>\n<p>\uf0d8 toisten veneiden tai vaunujen pistokkeiden irrottaminen aktiivikaudella on kielletty,<br \/>\nilman vuokralaisen suostumusta<\/p>\n<p>\uf0d8 alueella ei ole j\u00e4tehuoltoa, joten jokainen huolehtii v\u00e4litt\u00f6m\u00e4sti omien j\u00e4tteittens\u00e4<br \/>\npoisviennist\u00e4<\/p>\n","protected":false},"excerpt":{"rendered":"<p>Saaritukikohta Aasla Saaristomeren Veneilij\u00e4t ry:n kerhosatama sijaitsee nykyisen Naantalin kaupungin alueella Rym\u00e4ttyl\u00e4ss\u00e4, Aaslaluodon saaressa (60\u00b0 18,86&#8242; P 21\u00b0 56,16&#8242; I). Alue on suuruudeltaan n. 2 ha, jota ymp\u00e4r\u00f6iv\u00e4t marjoja ja sieni\u00e4 t\u00e4ynn\u00e4 olevat mets\u00e4t. Aaslassa on yksi iso ja toinen pienempi laituri, johon voi kiinnitty\u00e4 ja isommalla laiturilla on s\u00e4hk\u00f6t, vesipisteet sek\u00e4 valaistus. Pienempi laituri<\/p>\n","protected":false},"author":1,"featured_media":0,"parent":0,"menu_order":0,"comment_status":"closed","ping_status":"closed","template":"","meta":{"footnotes":""},"class_list":["post-90","page","type-page","status-publish","hentry"],"_links":{"self":[{"href":"https:\/\/www.saave.fi\/index.php?rest_route=\/wp\/v2\/pages\/90","targetHints":{"allow":["GET"]}}],"collection":[{"href":"https:\/\/www.saave.fi\/index.php?rest_route=\/wp\/v2\/pages"}],"about":[{"href":"https:\/\/www.saave.fi\/index.php?rest_route=\/wp\/v2\/types\/page"}],"author":[{"embeddable":true,"href":"https:\/\/www.saave.fi\/index.php?rest_route=\/wp\/v2\/users\/1"}],"replies":[{"embeddable":true,"href":"https:\/\/www.saave.fi\/index.php?rest_route=%2Fwp%2Fv2%2Fcomments&post=90"}],"version-history":[{"count":36,"href":"https:\/\/www.saave.fi\/index.php?rest_route=\/wp\/v2\/pages\/90\/revisions"}],"predecessor-version":[{"id":336,"href":"https:\/\/www.saave.fi\/index.php?rest_route=\/wp\/v2\/pages\/90\/revisions\/336"}],"wp:attachment":[{"href":"https:\/\/www.saave.fi\/index.php?rest_route=%2Fwp%2Fv2%2Fmedia&parent=90"}],"curies":[{"name":"wp","href":"https:\/\/api.w.org\/{rel}","templated":true}]}}