{"id":92,"date":"2015-02-02T20:11:24","date_gmt":"2015-02-02T18:11:24","guid":{"rendered":"http:\/\/saave.fi?page_id=92"},"modified":"2025-05-14T16:55:07","modified_gmt":"2025-05-14T14:55:07","slug":"jaseneksi","status":"publish","type":"page","link":"https:\/\/www.saave.fi\/?page_id=92","title":{"rendered":"J\u00e4seneksi"},"content":{"rendered":"<p><P><strong>Liittymis- ja j\u00e4senmaksut vuonna 2025<\/strong><\/p>\n<ul>\n<li>liittymismaksu 450 eur<\/li>\n<li>j\u00e4senmaksu 40 eur<\/li>\n<\/ul>\n<p><\/P><\/p>\n<p>J\u00e4senyysasioista voit keskustella seuran johtokunnan j\u00e4senten kanssa.<\/p>\n<p>J\u00e4senhakemuksen voit avata ja tulostaa excel-tiedostona: <a href=\"https:\/\/1drv.ms\/x\/s!AoEARZON3p_xpGJKer_yawFqIg1U?e=DsnPUx\" target=\"_blank\" rel=\"noopener noreferrer\">j\u00e4senhakemus<\/a>.<\/p>\n<p>Jos sinulla ei ole excel-ohjelmaa koneellasi, voit tulostaa j\u00e4senhakemuksesta my\u00f6s <a href=\"https:\/\/1drv.ms\/b\/s!AoEARZON3p_xpGMstDKD56r_5hvP?e=eWnFCI\" target=\"_blank\" rel=\"noopener noreferrer\">pdf-version<\/a>.<\/p>\n<p>Excel-lomakkeen voi tallentaa my\u00f6s omalle koneelle, t\u00e4ytt\u00e4\u00e4 ja l\u00e4hett\u00e4\u00e4 s\u00e4hk\u00f6postitse osoitteeseen johtokunta at saave.fi tai tulostaa ja palauttaa jollekin johtokunnan j\u00e4senelle.<\/p>\n<p>Hakemus k\u00e4sitell\u00e4\u00e4n johtokunnassa, jonka j\u00e4lkeen hakemus l\u00e4hetet\u00e4\u00e4n allekirjoitettavaksi yhdess\u00e4 liittymislaskun ja kerhon s\u00e4\u00e4nt\u00f6jen kanssa. J\u00e4senyys astuu voimaan, kun hakija on hyv\u00e4ksynyt kerhon s\u00e4\u00e4nn\u00f6t, maksanut liittymismaksun ja palauttanut hakemuksensa allekirjoitettuna.<\/p>\n","protected":false},"excerpt":{"rendered":"<p>Liittymis- ja j\u00e4senmaksut vuonna 2025 liittymismaksu 450 eur j\u00e4senmaksu 40 eur J\u00e4senyysasioista voit keskustella seuran johtokunnan j\u00e4senten kanssa. J\u00e4senhakemuksen voit avata ja tulostaa excel-tiedostona: j\u00e4senhakemus. Jos sinulla ei ole excel-ohjelmaa koneellasi, voit tulostaa j\u00e4senhakemuksesta my\u00f6s pdf-version. Excel-lomakkeen voi tallentaa my\u00f6s omalle koneelle, t\u00e4ytt\u00e4\u00e4 ja l\u00e4hett\u00e4\u00e4 s\u00e4hk\u00f6postitse osoitteeseen johtokunta at saave.fi tai tulostaa ja palauttaa jollekin<\/p>\n","protected":false},"author":1,"featured_media":0,"parent":0,"menu_order":0,"comment_status":"closed","ping_status":"closed","template":"","meta":{"footnotes":""},"class_list":["post-92","page","type-page","status-publish","hentry"],"_links":{"self":[{"href":"https:\/\/www.saave.fi\/index.php?rest_route=\/wp\/v2\/pages\/92","targetHints":{"allow":["GET"]}}],"collection":[{"href":"https:\/\/www.saave.fi\/index.php?rest_route=\/wp\/v2\/pages"}],"about":[{"href":"https:\/\/www.saave.fi\/index.php?rest_route=\/wp\/v2\/types\/page"}],"author":[{"embeddable":true,"href":"https:\/\/www.saave.fi\/index.php?rest_route=\/wp\/v2\/users\/1"}],"replies":[{"embeddable":true,"href":"https:\/\/www.saave.fi\/index.php?rest_route=%2Fwp%2Fv2%2Fcomments&post=92"}],"version-history":[{"count":24,"href":"https:\/\/www.saave.fi\/index.php?rest_route=\/wp\/v2\/pages\/92\/revisions"}],"predecessor-version":[{"id":582,"href":"https:\/\/www.saave.fi\/index.php?rest_route=\/wp\/v2\/pages\/92\/revisions\/582"}],"wp:attachment":[{"href":"https:\/\/www.saave.fi\/index.php?rest_route=%2Fwp%2Fv2%2Fmedia&parent=92"}],"curies":[{"name":"wp","href":"https:\/\/api.w.org\/{rel}","templated":true}]}}